{"id":997,"date":"2025-08-26T12:20:27","date_gmt":"2025-08-26T11:20:27","guid":{"rendered":"https:\/\/andreemarliere.com\/?page_id=997"},"modified":"2025-08-26T12:20:27","modified_gmt":"2025-08-26T11:20:27","slug":"press","status":"publish","type":"page","link":"https:\/\/andreemarliere.com\/index.php\/press\/","title":{"rendered":"Press"},"content":{"rendered":"\n<div class=\"wp-block-columns is-layout-flex wp-container-core-columns-is-layout-28f84493 wp-block-columns-is-layout-flex\">\n<div class=\"wp-block-column is-layout-flow wp-block-column-is-layout-flow\" style=\"flex-basis:33.33%\"><\/div>\n\n\n\n<div class=\"wp-block-column is-layout-flow wp-block-column-is-layout-flow\" style=\"flex-basis:66.66%\">\n<h1 class=\"wp-block-heading\">Press<\/h1>\n\n\n\n<h3 class=\"wp-block-heading\">La semaine d&#8217;Anvers &#8211; 10 octobre 2002<\/h3>\n\n\n\n<p><em>&#8220;A coup s\u00fbr, un talent qui accroche et m\u00e9rite l&#8217;int\u00e9r\u00eat&#8221;<\/em><\/p>\n\n\n\n<h3 class=\"wp-block-heading\">La semaine d&#8217;Anvers &#8211; 6 novembre 2003<\/h3>\n\n\n\n<p><em>&#8220;Andr\u00e9e Marli\u00e8re r\u00e9alise la peinture comme elle a interptr\u00e9t\u00e9 la danse et la musique, avec son coeur et son esprit.&#8221;<\/em><\/p>\n\n\n\n<h3 class=\"wp-block-heading\">Gazet van Antwerpen &#8211; 12 march 2007<\/h3>\n\n\n\n<p>Gewezen topdanseres Andr\u00e9e Marli\u00e8re stelt theatraal werk tentoon <\/p>\n\n\n\n<p>In cultuurcentrum de Kollebloem loopt nog tot zaterdag 24 maart een boeiende tentoonstelling van de Liezelse Andr\u00e9e Marli\u00e8re (73), wiens hele leven in het teken stond van het internationale ballet. De expo stelt haar schilderwerken tentoon.<\/p>\n\n\n\n<p>Het is de eerste keer dat de kunstenares in eigen gemeente mag tentoonstellen. &#8220;Ik woon sinds 1974 in Liezele en teken en schilder al heel lang. Ik ben blij dat ik in de mooie zaal van de Kollebloem kan tentoonstellen&#8221;, zegt Marli\u00e8re. <\/p>\n\n\n\n<p>Ze is in Antwerpen geboren, maar haar naam doet Franse afkomst vermoeden. &#8220;Absoluut niet. Ik heet eigenlijk Marlier, maar mijn pa vond &#8216;La Marli\u00e8re&#8217; beter bij me passen, een beetje zoals &#8216;La Pavlova&#8217;. (lacht) <\/p>\n\n\n\n<p>Ik ben in 1963 al met tekenen begonnen om de tijd te doden, toen we met het gezelschap van Maurice B\u00e9jart op tournee waren en altijd lang moesten wachten. Pas sinds 1995 ben ik me echt op het schilderen gaan toeleggen. <\/p>\n\n\n\n<p>Ik volgde een jaar les bij Omer Crab, maar ik ben in feite een slechte leerling. Ik ben te koppig, te eigenwijs om naar een academie te trekken en word niet graag gecorrigeerd. Noem me dus maar een autodidact.<\/p>\n\n\n\n<p>&#8220;Omdat Marli\u00e8re zestig jaar lang de wereld heeft rondgereisd met de meest gerenommeerde topballetgezelschappen, grijpt ze in haar schilderijen vaak terug naar dat thema. &#8220;Ik geef soms sc\u00e8nes uit balletopvoeringen weer, dat klopt. Zoals Vuurvogel, Romeo en Juliet of Tristan en Isolde. Dat is toch normaal als je zo&#8217;n eeuwigheid met dans hebt gewerkt: eerst als balletdanseres zelf, nadien als balletmeester (onder meer bij het Koninklijk Ballet van Vlaanderen, red.) en lerares. <\/p>\n\n\n\n<p>Tot de jongere generatie me niet graag meer zagen komen. Pas op, ik neem het hen niet kwalijk. Ik heb vier keer mijn pensioen gevierd en &#8216;s anderendaags ging ik gewoon verder&#8221;, vertelt Andr\u00e9e.<\/p>\n\n\n\n<p>Dans en ballet zijn evenwel niet de enige thema&#8217;s in Marli\u00e8res werken. &#8220;Ik probeer ook heel veel persoonlijke gevoelens weer te geven en vaak op een theatrale manier. Maar schilderen is en blijft gewoon een hobby voor me. <\/p>\n\n\n\n<p>Soms denk ik: ach, stop er toch mee. Dat lukt een tijdje, maar ik verveel me dan en na een maand pak ik de penselen weer op. En dan werk ik zes tot acht uur door aan een doek. Waarom ook niet? Ik ben alleen, ik moet alleen voor mijn twee katten zorgen. <\/p>\n\n\n\n<p>Niemand waarvoor ik moet stoppen&#8221;, besluit de kunstenares.<\/p>\n\n\n\n<p>Patrick POPPE<br>De Kollebloem, Kloosterhof 1 in Puurs. <br>Info: 03-890.76.20, vrijetijdsbalie@puurs.be<\/p>\n\n\n\n<h1 class=\"wp-block-heading\">Piron @ Theartserver<\/h1>\n\n\n\n<p>Schilderes. Na een geslaagde carri\u00e8re als ballerina &#8211; ze begon op 8-jarige leeftijd en bracht het tot sterdanseres bij het Ballet van Vlaanderen, waarvan zij tijdens het seizoen 1970-1971 afscheid nam. <\/p>\n\n\n\n<p>Danste in Brussel, Florence, Antwerpen, Berlijn en D\u00fcsseldorf. Begon pas enkele jaren geleden met schilderen. <\/p>\n\n\n\n<p>Uit de pers: &#8220;De sfeer, geschapen in &#8220;het ballet&#8221; weergeven in tweedimensionaal beeld is geen sinecure. <\/p>\n\n\n\n<p>Andr\u00e9e Marli\u00e8re slaagt daar wonderwel in. Door haar jarenlange bindingen met de danswereld is het niet meer dan normaal dat ze die op een zeer geslaagde manier weet te interpreteren in haar schilderwerk&#8221; (Omer Crab, schilder).<\/p>\n<\/div>\n<\/div>\n","protected":false},"excerpt":{"rendered":"<p>Press La semaine d&#8217;Anvers &#8211; 10 octobre 2002 &#8220;A coup s\u00fbr, un talent qui accroche et m\u00e9rite l&#8217;int\u00e9r\u00eat&#8221; La semaine d&#8217;Anvers &#8211; 6 novembre 2003 &#8220;Andr\u00e9e Marli\u00e8re r\u00e9alise la peinture comme elle a interptr\u00e9t\u00e9 la danse et la musique, avec son coeur et son esprit.&#8221; Gazet van Antwerpen &#8211; 12 march 2007 Gewezen topdanseres Andr\u00e9e [&hellip;]<\/p>\n","protected":false},"author":1,"featured_media":0,"parent":0,"menu_order":0,"comment_status":"closed","ping_status":"closed","template":"","meta":{"footnotes":""},"class_list":["post-997","page","type-page","status-publish","hentry"],"blocksy_meta":[],"_links":{"self":[{"href":"https:\/\/andreemarliere.com\/index.php\/wp-json\/wp\/v2\/pages\/997","targetHints":{"allow":["GET"]}}],"collection":[{"href":"https:\/\/andreemarliere.com\/index.php\/wp-json\/wp\/v2\/pages"}],"about":[{"href":"https:\/\/andreemarliere.com\/index.php\/wp-json\/wp\/v2\/types\/page"}],"author":[{"embeddable":true,"href":"https:\/\/andreemarliere.com\/index.php\/wp-json\/wp\/v2\/users\/1"}],"replies":[{"embeddable":true,"href":"https:\/\/andreemarliere.com\/index.php\/wp-json\/wp\/v2\/comments?post=997"}],"version-history":[{"count":1,"href":"https:\/\/andreemarliere.com\/index.php\/wp-json\/wp\/v2\/pages\/997\/revisions"}],"predecessor-version":[{"id":998,"href":"https:\/\/andreemarliere.com\/index.php\/wp-json\/wp\/v2\/pages\/997\/revisions\/998"}],"wp:attachment":[{"href":"https:\/\/andreemarliere.com\/index.php\/wp-json\/wp\/v2\/media?parent=997"}],"curies":[{"name":"wp","href":"https:\/\/api.w.org\/{rel}","templated":true}]}}